
{"id":1231,"date":"2023-08-27T10:48:48","date_gmt":"2023-08-27T10:48:48","guid":{"rendered":"https:\/\/nit.ac.rs\/?page_id=1231"},"modified":"2023-08-27T10:51:55","modified_gmt":"2023-08-27T10:51:55","slug":"razvoj-sajta-startapa-farma-innova","status":"publish","type":"page","link":"https:\/\/nit.ac.rs\/en\/razvoj-sajta-startapa-farma-innova\/","title":{"rendered":"Razvoj sajta startapa Farma Innova"},"content":{"rendered":"<div data-elementor-type=\"wp-page\" data-elementor-id=\"1231\" class=\"elementor elementor-1231\" data-elementor-post-type=\"page\">\n\t\t\t\t\t\t<section class=\"elementor-section elementor-top-section elementor-element elementor-element-536b12bf elementor-section-boxed elementor-section-height-default elementor-section-height-default\" data-id=\"536b12bf\" data-element_type=\"section\">\n\t\t\t\t\t\t<div class=\"elementor-container elementor-column-gap-default\">\n\t\t\t\t\t<div class=\"elementor-column elementor-col-100 elementor-top-column elementor-element elementor-element-11b00e20\" data-id=\"11b00e20\" data-element_type=\"column\">\n\t\t\t<div class=\"elementor-widget-wrap elementor-element-populated\">\n\t\t\t\t\t\t<div class=\"elementor-element elementor-element-51be630b elementor-widget elementor-widget-text-editor\" data-id=\"51be630b\" data-element_type=\"widget\" data-widget_type=\"text-editor.default\">\n\t\t\t\t<div class=\"elementor-widget-container\">\n\t\t\t\t\t\t\t\t\t<p><\/p><p><em>22. feb 2023\u00a0 \u00a0 \u00a0 \u00a0 \u00a0 |\u00a0 \u00a0 \u00a0 \u00a0 \u00a0 Poljoprivredni fakultet\u00a0 \u00a0 \u00a0 \u00a0 \u00a0 |\u00a0 \u00a0 \u00a0 \u00a0 \u00a0Guardian feed<\/em><\/p><p><\/p>\t\t\t\t\t\t\t\t<\/div>\n\t\t\t\t<\/div>\n\t\t\t\t<div class=\"elementor-element elementor-element-5a47901a elementor-widget elementor-widget-spacer\" data-id=\"5a47901a\" data-element_type=\"widget\" data-widget_type=\"spacer.default\">\n\t\t\t\t<div class=\"elementor-widget-container\">\n\t\t\t\t\t\t\t<div class=\"elementor-spacer\">\n\t\t\t<div class=\"elementor-spacer-inner\"><\/div>\n\t\t<\/div>\n\t\t\t\t\t\t<\/div>\n\t\t\t\t<\/div>\n\t\t\t\t\t<\/div>\n\t\t<\/div>\n\t\t\t\t\t<\/div>\n\t\t<\/section>\n\t\t\t\t<section class=\"elementor-section elementor-top-section elementor-element elementor-element-7e365800 elementor-section-boxed elementor-section-height-default elementor-section-height-default\" data-id=\"7e365800\" data-element_type=\"section\">\n\t\t\t\t\t\t<div class=\"elementor-container elementor-column-gap-default\">\n\t\t\t\t\t<div class=\"elementor-column elementor-col-66 elementor-top-column elementor-element elementor-element-6ec38ce\" data-id=\"6ec38ce\" data-element_type=\"column\">\n\t\t\t<div class=\"elementor-widget-wrap elementor-element-populated\">\n\t\t\t\t\t\t<div class=\"elementor-element elementor-element-4e6a80a7 elementor-widget elementor-widget-text-editor\" data-id=\"4e6a80a7\" data-element_type=\"widget\" data-widget_type=\"text-editor.default\">\n\t\t\t\t<div class=\"elementor-widget-container\">\n\t\t\t\t\t\t\t\t\t<p><span style=\"color: rgb(1, 9, 23); font-family: &quot;Exo 2&quot;; text-align: justify; white-space: pre-line;\">Startap Farma Innova je predstavila novi sajt \u010diji je razvoj finansiran od strane Raising starts pre-seed programa Nau\u010dno-tehnolo\u0161kog parka Beograd uz podr\u0161ku Vlade \u0160vajcarske. Sajt \u0107e se koristiti za promociju aktivnosti i inovacija startapa. Trenutno su na sajtu predstavljene dve inovacije \u2013 Stabilizator sila\u017ee i GUARDIAN FEED.\n\nLink ka web sajtu: <\/span><a href=\"https:\/\/farmainnova.rs\/\" target=\"_blank\" style=\"margin: 0px; padding: 0px; border: 0px; font-variant-numeric: inherit; font-variant-east-asian: inherit; font-stretch: inherit; line-height: inherit; font-family: &quot;Exo 2&quot;; vertical-align: baseline; box-sizing: inherit; -webkit-font-smoothing: antialiased; -webkit-tap-highlight-color: transparent; text-decoration-line: none; text-align: justify; white-space: pre-line; background-color: rgb(237, 234, 234);\">https:\/\/farmainnova.rs\/<\/a><br><\/p>\t\t\t\t\t\t\t\t<\/div>\n\t\t\t\t<\/div>\n\t\t\t\t\t<\/div>\n\t\t<\/div>\n\t\t\t\t<div class=\"elementor-column elementor-col-33 elementor-top-column elementor-element elementor-element-27fd065f\" data-id=\"27fd065f\" data-element_type=\"column\">\n\t\t\t<div class=\"elementor-widget-wrap elementor-element-populated\">\n\t\t\t\t\t\t<div class=\"elementor-element elementor-element-5c70ecf6 elementor-widget__width-initial elementor-widget elementor-widget-image\" data-id=\"5c70ecf6\" data-element_type=\"widget\" data-widget_type=\"image.default\">\n\t\t\t\t<div class=\"elementor-widget-container\">\n\t\t\t\t\t\t\t\t\t\t\t\t\t\t\t\t<a href=\"https:\/\/nit.ac.rs\/en\/guardian-feed\/\">\n\t\t\t\t\t\t\t<img decoding=\"async\" src=\"https:\/\/nit.ac.rs\/wp-content\/uploads\/2023\/08\/Screenshot-2023-08-26-131600.png\" title=\"\" alt=\"\" loading=\"lazy\" \/>\t\t\t\t\t\t\t\t<\/a>\n\t\t\t\t\t\t\t\t\t\t\t\t\t\t\t<\/div>\n\t\t\t\t<\/div>\n\t\t\t\t\t<\/div>\n\t\t<\/div>\n\t\t\t\t\t<\/div>\n\t\t<\/section>\n\t\t\t\t<\/div>","protected":false},"excerpt":{"rendered":"<p>22. feb 2023\u00a0 \u00a0 \u00a0 \u00a0 \u00a0 |\u00a0 \u00a0 \u00a0 \u00a0 \u00a0 Poljoprivredni fakultet\u00a0 \u00a0 \u00a0 \u00a0 \u00a0 |\u00a0 \u00a0 \u00a0 \u00a0 \u00a0Guardian feed Startap Farma Innova je predstavila novi sajt \u010diji je razvoj finansiran od strane Raising starts pre-seed programa Nau\u010dno-tehnolo\u0161kog parka Beograd uz podr\u0161ku Vlade \u0160vajcarske. Sajt \u0107e se koristiti za promociju aktivnosti [&hellip;]<\/p>","protected":false},"author":1,"featured_media":0,"parent":0,"menu_order":0,"comment_status":"closed","ping_status":"closed","template":"","meta":{"_acf_changed":false,"slim_seo":{"title":"Razvoj sajta startapa Farma Innova - NIT","description":"22. feb 2023\u00a0 \u00a0 \u00a0 \u00a0 \u00a0 |\u00a0 \u00a0 \u00a0 \u00a0 \u00a0 Poljoprivredni fakultet\u00a0 \u00a0 \u00a0 \u00a0 \u00a0 |\u00a0 \u00a0 \u00a0 \u00a0 \u00a0Guardian feed Startap Farma Innova je predstavila novi sajt \u010diji je razvoj finansira"},"footnotes":""},"class_list":["post-1231","page","type-page","status-publish","hentry"],"blocksy_meta":"","acf":[],"_links":{"self":[{"href":"https:\/\/nit.ac.rs\/en\/wp-json\/wp\/v2\/pages\/1231","targetHints":{"allow":["GET"]}}],"collection":[{"href":"https:\/\/nit.ac.rs\/en\/wp-json\/wp\/v2\/pages"}],"about":[{"href":"https:\/\/nit.ac.rs\/en\/wp-json\/wp\/v2\/types\/page"}],"author":[{"embeddable":true,"href":"https:\/\/nit.ac.rs\/en\/wp-json\/wp\/v2\/users\/1"}],"replies":[{"embeddable":true,"href":"https:\/\/nit.ac.rs\/en\/wp-json\/wp\/v2\/comments?post=1231"}],"version-history":[{"count":5,"href":"https:\/\/nit.ac.rs\/en\/wp-json\/wp\/v2\/pages\/1231\/revisions"}],"predecessor-version":[{"id":1236,"href":"https:\/\/nit.ac.rs\/en\/wp-json\/wp\/v2\/pages\/1231\/revisions\/1236"}],"wp:attachment":[{"href":"https:\/\/nit.ac.rs\/en\/wp-json\/wp\/v2\/media?parent=1231"}],"curies":[{"name":"wp","href":"https:\/\/api.w.org\/{rel}","templated":true}]}}